{"id":1643,"date":"2021-07-05T08:59:40","date_gmt":"2021-07-05T08:59:40","guid":{"rendered":"https:\/\/blade-scape.com\/?page_id=1643"},"modified":"2024-05-14T09:31:56","modified_gmt":"2024-05-14T09:31:56","slug":"datenschutz","status":"publish","type":"page","link":"https:\/\/blade-scape.com\/en\/datenschutz\/","title":{"rendered":"Datenschutz"},"content":{"rendered":"<h3>Erkl\u00e4rung zur Informationspflicht<\/h3>\n<p><strong>(Datenschutzerkl\u00e4rung)<\/strong><\/p>\n<p>Der Schutz Ihrer pers\u00f6nlichen Daten ist uns ein besonderes Anliegen. Wir verarbeiten Ihre Daten daher ausschlie\u00dflich auf Grundlage der gesetzlichen Bestimmungen (DSGVO, TKG 2003). In diesen Datenschutzinformationen informieren wir Sie \u00fcber die wichtigsten Aspekte der Datenverarbeitung im Rahmen unserer Website.<\/p>\n<p>&nbsp;<\/p>\n<p><strong>Kontakt mit uns<\/strong><\/p>\n<p>Wenn Sie per Formular auf der Website oder per E-Mail Kontakt mit uns aufnehmen, werden Ihre angegebenen Daten zwecks Bearbeitung der Anfrage und f\u00fcr den Fall von Anschlussfragen sechs Monate bei uns gespeichert. Diese Daten geben wir nicht ohne Ihre Einwilligung weiter.<\/p>\n<p>&nbsp;<\/p>\n<p><strong>Cookies<\/strong><\/p>\n<p>Unsere Website verwendet so genannte Cookies. Dabei handelt es sich um kleine Textdateien, die mit Hilfe des Browsers auf Ihrem Endger\u00e4t abgelegt werden. Sie richten keinen Schaden an.<\/p>\n<p>Wir nutzen Cookies dazu, unser Angebot nutzerfreundlich zu gestalten. Einige Cookies bleiben auf Ihrem Endger\u00e4t gespeichert, bis Sie diese l\u00f6schen. Sie erm\u00f6glichen es uns, Ihren Browser beim n\u00e4chsten Besuch wiederzuerkennen. Wenn Sie dies nicht w\u00fcnschen, so k\u00f6nnen Sie Ihren Browser so einrichten, dass er Sie \u00fcber das Setzen von Cookies informiert und Sie dies nur im Einzelfall erlauben.<\/p>\n<p>Bei der Deaktivierung von Cookies kann die Funktionalit\u00e4t unserer Website eingeschr\u00e4nkt sein.<\/p>\n<p>Klicken Sie hier, um Ihre Cookie-Einstellungen zu bearbeiten:<\/p>\n<p><span class=\"code-example\"><span class=\"borlabs-cookie-open-dialog-preferences brlbs-cmpnt-container\" data-borlabs-cookie-title=\"Cookies\" data-borlabs-cookie-type=\"button\" ><\/span><\/span><\/p>\n<p>&nbsp;<\/p>\n<p><strong>Web-Analyse<\/strong><\/p>\n<p>Unsere Website verwendet Funktionen des Webanalysedienstes Google Analytics<em>.\u00a0<\/em>Dazu werden Cookies verwendet, die eine Analyse der Benutzung der Website durch Ihre Benutzer erm\u00f6glicht. Die dadurch erzeugten Informationen werden auf den Server des Anbieters \u00fcbertragen und dort gespeichert. Sie k\u00f6nnen dies verhindern, indem Sie Ihren Browser so einrichten, dass keine Cookies gespeichert werden.<br \/>\nWir haben mit dem Anbieter einen entsprechenden Vertrag zur Auftragsdatenverarbeitung abgeschlossen. Ihre IP-Adresse wird erfasst, aber umgehend pseudonymisiert. Dadurch ist nur mehr eine grobe Lokalisierung m\u00f6glich.<br \/>\nDie Datenverarbeitung erfolgt auf Basis der gesetzlichen Bestimmungen des \u00a7 96 Abs 3 TKG sowie des Art 6 Abs 1 lit a (Einwilligung) und\/oder f (berechtigtes Interesse) der DSGVO.<br \/>\nUnser Anliegen im Sinne der DSGVO (berechtigtes Interesse) ist die Verbesserung unseres Angebotes und unseres Webauftritts. Da uns die Privatsph\u00e4re unserer Nutzer wichtig ist, werden die Nutzerdaten pseudonymisiert. Die Nutzerdaten werden f\u00fcr die Dauer von 6 Monaten aufbewahrt.<strong>\u00a0<\/strong><\/p>\n<p>&nbsp;<\/p>\n<p><strong>Ihre Rechte<\/strong><\/p>\n<p>Ihnen stehen bez\u00fcglich Ihrer bei uns gespeicherten Daten grunds\u00e4tzlich die Rechte auf Auskunft, Berichtigung, L\u00f6schung, Einschr\u00e4nkung, Daten\u00fcbertragbarkeit, Widerruf und Widerspruch zu. Wenn Sie glauben, dass die Verarbeitung Ihrer Daten gegen das Datenschutzrecht verst\u00f6\u00dft oder Ihre datenschutzrechtlichen Anspr\u00fcche sonst in einer Weise verletzt worden sind, k\u00f6nnen Sie sich bei uns oder der Datenschutzbeh\u00f6rde beschweren.<\/p>\n<p>&nbsp;<\/p>\n<p>Stand: Juli 2018<\/p>\n<p>&nbsp;<\/p>\n<p><strong>Sie erreichen uns unter folgenden Kontaktdaten<\/strong>:<\/p>\n<p>BLADESCAPE Airborne Services GmbH<br \/>\nTel: +43 (0) 664 862 69 50 bzw.\u00a0<a href=\"mailto:office@blade-scape.com\">office@blade-scape.com<\/a><\/p>\n","protected":false},"excerpt":{"rendered":"<p>Erkl\u00e4rung zur Informationspflicht (Datenschutzerkl\u00e4rung) Der Schutz Ihrer pers\u00f6nlichen Daten ist uns ein besonderes Anliegen. Wir verarbeiten Ihre Daten daher ausschlie\u00dflich auf Grundlage der gesetzlichen Bestimmungen [&hellip;]<\/p>\n","protected":false},"author":4,"featured_media":161,"parent":0,"menu_order":0,"comment_status":"closed","ping_status":"closed","template":"templates\/tpl-common.php","meta":{"_acf_changed":false,"footnotes":""},"class_list":["post-1643","page","type-page","status-publish","has-post-thumbnail","hentry"],"acf":[],"yoast_head":"<!-- This site is optimized with the Yoast SEO plugin v27.4 - https:\/\/yoast.com\/product\/yoast-seo-wordpress\/ -->\n<title>Datenschutz | Bladescape<\/title>\n<meta name=\"description\" content=\"Informieren Sie sich \u00fcber Verantwortlichkeiten und Informationspflichten auf unserer Website https:\/\/blade-scape.com\/.\" \/>\n<meta name=\"robots\" content=\"index, follow, max-snippet:-1, max-image-preview:large, max-video-preview:-1\" \/>\n<link rel=\"canonical\" href=\"https:\/\/blade-scape.com\/datenschutz\/\" \/>\n<meta property=\"og:locale\" content=\"en_US\" \/>\n<meta property=\"og:type\" content=\"article\" \/>\n<meta property=\"og:title\" content=\"Datenschutz | Bladescape\" \/>\n<meta property=\"og:description\" content=\"Informieren Sie sich \u00fcber Verantwortlichkeiten und Informationspflichten auf unserer Website https:\/\/blade-scape.com\/.\" \/>\n<meta property=\"og:url\" content=\"https:\/\/blade-scape.com\/datenschutz\/\" \/>\n<meta property=\"og:site_name\" content=\"BLADESCAPE\" \/>\n<meta property=\"article:publisher\" content=\"https:\/\/www.facebook.com\/Bladescape-Airborne-Services-GmbH-111333774794410\" \/>\n<meta property=\"article:modified_time\" content=\"2024-05-14T09:31:56+00:00\" \/>\n<meta property=\"og:image\" content=\"https:\/\/blade-scape.com\/wp-content\/uploads\/2021\/05\/about-company-bg.jpg\" \/>\n\t<meta property=\"og:image:width\" content=\"1920\" \/>\n\t<meta property=\"og:image:height\" content=\"550\" \/>\n\t<meta property=\"og:image:type\" content=\"image\/jpeg\" \/>\n<meta name=\"twitter:card\" content=\"summary_large_image\" \/>\n<meta name=\"twitter:label1\" content=\"Est. reading time\" \/>\n\t<meta name=\"twitter:data1\" content=\"3 minutes\" \/>\n<script type=\"application\/ld+json\" class=\"yoast-schema-graph\">{\"@context\":\"https:\\\/\\\/schema.org\",\"@graph\":[{\"@type\":\"WebPage\",\"@id\":\"https:\\\/\\\/blade-scape.com\\\/datenschutz\\\/\",\"url\":\"https:\\\/\\\/blade-scape.com\\\/datenschutz\\\/\",\"name\":\"Datenschutz | Bladescape\",\"isPartOf\":{\"@id\":\"https:\\\/\\\/blade-scape.com\\\/#website\"},\"primaryImageOfPage\":{\"@id\":\"https:\\\/\\\/blade-scape.com\\\/datenschutz\\\/#primaryimage\"},\"image\":{\"@id\":\"https:\\\/\\\/blade-scape.com\\\/datenschutz\\\/#primaryimage\"},\"thumbnailUrl\":\"https:\\\/\\\/blade-scape.com\\\/wp-content\\\/uploads\\\/2021\\\/05\\\/about-company-bg.jpg\",\"datePublished\":\"2021-07-05T08:59:40+00:00\",\"dateModified\":\"2024-05-14T09:31:56+00:00\",\"description\":\"Informieren Sie sich \u00fcber Verantwortlichkeiten und Informationspflichten auf unserer Website https:\\\/\\\/blade-scape.com\\\/.\",\"breadcrumb\":{\"@id\":\"https:\\\/\\\/blade-scape.com\\\/datenschutz\\\/#breadcrumb\"},\"inLanguage\":\"en-US\",\"potentialAction\":[{\"@type\":\"ReadAction\",\"target\":[\"https:\\\/\\\/blade-scape.com\\\/datenschutz\\\/\"]}]},{\"@type\":\"ImageObject\",\"inLanguage\":\"en-US\",\"@id\":\"https:\\\/\\\/blade-scape.com\\\/datenschutz\\\/#primaryimage\",\"url\":\"https:\\\/\\\/blade-scape.com\\\/wp-content\\\/uploads\\\/2021\\\/05\\\/about-company-bg.jpg\",\"contentUrl\":\"https:\\\/\\\/blade-scape.com\\\/wp-content\\\/uploads\\\/2021\\\/05\\\/about-company-bg.jpg\",\"width\":1920,\"height\":550,\"caption\":\"Bladescape Drohnenhersteller - Einsatz von Drohnen\"},{\"@type\":\"BreadcrumbList\",\"@id\":\"https:\\\/\\\/blade-scape.com\\\/datenschutz\\\/#breadcrumb\",\"itemListElement\":[{\"@type\":\"ListItem\",\"position\":1,\"name\":\"Home\",\"item\":\"https:\\\/\\\/blade-scape.com\\\/en\\\/\"},{\"@type\":\"ListItem\",\"position\":2,\"name\":\"Datenschutz\"}]},{\"@type\":\"WebSite\",\"@id\":\"https:\\\/\\\/blade-scape.com\\\/#website\",\"url\":\"https:\\\/\\\/blade-scape.com\\\/\",\"name\":\"BLADESCAPE\",\"description\":\"Drone powered Industrial Solutions - Ihr Partner f\u00fcr das gesamte Leistungsspektrum der unbemannten Luftfahrt.\",\"publisher\":{\"@id\":\"https:\\\/\\\/blade-scape.com\\\/#organization\"},\"potentialAction\":[{\"@type\":\"SearchAction\",\"target\":{\"@type\":\"EntryPoint\",\"urlTemplate\":\"https:\\\/\\\/blade-scape.com\\\/?s={search_term_string}\"},\"query-input\":{\"@type\":\"PropertyValueSpecification\",\"valueRequired\":true,\"valueName\":\"search_term_string\"}}],\"inLanguage\":\"en-US\"},{\"@type\":\"Organization\",\"@id\":\"https:\\\/\\\/blade-scape.com\\\/#organization\",\"name\":\"BLADESCAPE Airborne Services GmbH\",\"url\":\"https:\\\/\\\/blade-scape.com\\\/\",\"logo\":{\"@type\":\"ImageObject\",\"inLanguage\":\"en-US\",\"@id\":\"https:\\\/\\\/blade-scape.com\\\/#\\\/schema\\\/logo\\\/image\\\/\",\"url\":\"https:\\\/\\\/blade-scape.com\\\/wp-content\\\/uploads\\\/2021\\\/05\\\/bladescape-logo.svg\",\"contentUrl\":\"https:\\\/\\\/blade-scape.com\\\/wp-content\\\/uploads\\\/2021\\\/05\\\/bladescape-logo.svg\",\"width\":1,\"height\":1,\"caption\":\"BLADESCAPE Airborne Services GmbH\"},\"image\":{\"@id\":\"https:\\\/\\\/blade-scape.com\\\/#\\\/schema\\\/logo\\\/image\\\/\"},\"sameAs\":[\"https:\\\/\\\/www.facebook.com\\\/Bladescape-Airborne-Services-GmbH-111333774794410\"]}]}<\/script>\n<!-- \/ Yoast SEO plugin. -->","yoast_head_json":{"title":"Datenschutz | Bladescape","description":"Informieren Sie sich \u00fcber Verantwortlichkeiten und Informationspflichten auf unserer Website https:\/\/blade-scape.com\/.","robots":{"index":"index","follow":"follow","max-snippet":"max-snippet:-1","max-image-preview":"max-image-preview:large","max-video-preview":"max-video-preview:-1"},"canonical":"https:\/\/blade-scape.com\/datenschutz\/","og_locale":"en_US","og_type":"article","og_title":"Datenschutz | Bladescape","og_description":"Informieren Sie sich \u00fcber Verantwortlichkeiten und Informationspflichten auf unserer Website https:\/\/blade-scape.com\/.","og_url":"https:\/\/blade-scape.com\/datenschutz\/","og_site_name":"BLADESCAPE","article_publisher":"https:\/\/www.facebook.com\/Bladescape-Airborne-Services-GmbH-111333774794410","article_modified_time":"2024-05-14T09:31:56+00:00","og_image":[{"width":1920,"height":550,"url":"https:\/\/blade-scape.com\/wp-content\/uploads\/2021\/05\/about-company-bg.jpg","type":"image\/jpeg"}],"twitter_card":"summary_large_image","twitter_misc":{"Est. reading time":"3 minutes"},"schema":{"@context":"https:\/\/schema.org","@graph":[{"@type":"WebPage","@id":"https:\/\/blade-scape.com\/datenschutz\/","url":"https:\/\/blade-scape.com\/datenschutz\/","name":"Datenschutz | Bladescape","isPartOf":{"@id":"https:\/\/blade-scape.com\/#website"},"primaryImageOfPage":{"@id":"https:\/\/blade-scape.com\/datenschutz\/#primaryimage"},"image":{"@id":"https:\/\/blade-scape.com\/datenschutz\/#primaryimage"},"thumbnailUrl":"https:\/\/blade-scape.com\/wp-content\/uploads\/2021\/05\/about-company-bg.jpg","datePublished":"2021-07-05T08:59:40+00:00","dateModified":"2024-05-14T09:31:56+00:00","description":"Informieren Sie sich \u00fcber Verantwortlichkeiten und Informationspflichten auf unserer Website https:\/\/blade-scape.com\/.","breadcrumb":{"@id":"https:\/\/blade-scape.com\/datenschutz\/#breadcrumb"},"inLanguage":"en-US","potentialAction":[{"@type":"ReadAction","target":["https:\/\/blade-scape.com\/datenschutz\/"]}]},{"@type":"ImageObject","inLanguage":"en-US","@id":"https:\/\/blade-scape.com\/datenschutz\/#primaryimage","url":"https:\/\/blade-scape.com\/wp-content\/uploads\/2021\/05\/about-company-bg.jpg","contentUrl":"https:\/\/blade-scape.com\/wp-content\/uploads\/2021\/05\/about-company-bg.jpg","width":1920,"height":550,"caption":"Bladescape Drohnenhersteller - Einsatz von Drohnen"},{"@type":"BreadcrumbList","@id":"https:\/\/blade-scape.com\/datenschutz\/#breadcrumb","itemListElement":[{"@type":"ListItem","position":1,"name":"Home","item":"https:\/\/blade-scape.com\/en\/"},{"@type":"ListItem","position":2,"name":"Datenschutz"}]},{"@type":"WebSite","@id":"https:\/\/blade-scape.com\/#website","url":"https:\/\/blade-scape.com\/","name":"BLADESCAPE","description":"Drone powered Industrial Solutions - Ihr Partner f\u00fcr das gesamte Leistungsspektrum der unbemannten Luftfahrt.","publisher":{"@id":"https:\/\/blade-scape.com\/#organization"},"potentialAction":[{"@type":"SearchAction","target":{"@type":"EntryPoint","urlTemplate":"https:\/\/blade-scape.com\/?s={search_term_string}"},"query-input":{"@type":"PropertyValueSpecification","valueRequired":true,"valueName":"search_term_string"}}],"inLanguage":"en-US"},{"@type":"Organization","@id":"https:\/\/blade-scape.com\/#organization","name":"BLADESCAPE Airborne Services GmbH","url":"https:\/\/blade-scape.com\/","logo":{"@type":"ImageObject","inLanguage":"en-US","@id":"https:\/\/blade-scape.com\/#\/schema\/logo\/image\/","url":"https:\/\/blade-scape.com\/wp-content\/uploads\/2021\/05\/bladescape-logo.svg","contentUrl":"https:\/\/blade-scape.com\/wp-content\/uploads\/2021\/05\/bladescape-logo.svg","width":1,"height":1,"caption":"BLADESCAPE Airborne Services GmbH"},"image":{"@id":"https:\/\/blade-scape.com\/#\/schema\/logo\/image\/"},"sameAs":["https:\/\/www.facebook.com\/Bladescape-Airborne-Services-GmbH-111333774794410"]}]}},"_links":{"self":[{"href":"https:\/\/blade-scape.com\/en\/wp-json\/wp\/v2\/pages\/1643","targetHints":{"allow":["GET"]}}],"collection":[{"href":"https:\/\/blade-scape.com\/en\/wp-json\/wp\/v2\/pages"}],"about":[{"href":"https:\/\/blade-scape.com\/en\/wp-json\/wp\/v2\/types\/page"}],"author":[{"embeddable":true,"href":"https:\/\/blade-scape.com\/en\/wp-json\/wp\/v2\/users\/4"}],"replies":[{"embeddable":true,"href":"https:\/\/blade-scape.com\/en\/wp-json\/wp\/v2\/comments?post=1643"}],"version-history":[{"count":11,"href":"https:\/\/blade-scape.com\/en\/wp-json\/wp\/v2\/pages\/1643\/revisions"}],"predecessor-version":[{"id":2938,"href":"https:\/\/blade-scape.com\/en\/wp-json\/wp\/v2\/pages\/1643\/revisions\/2938"}],"wp:featuredmedia":[{"embeddable":true,"href":"https:\/\/blade-scape.com\/en\/wp-json\/wp\/v2\/media\/161"}],"wp:attachment":[{"href":"https:\/\/blade-scape.com\/en\/wp-json\/wp\/v2\/media?parent=1643"}],"curies":[{"name":"wp","href":"https:\/\/api.w.org\/{rel}","templated":true}]}}